{"id":1337,"date":"2022-09-21T15:33:46","date_gmt":"2022-09-21T15:33:46","guid":{"rendered":"http:\/\/tips.ee\/?page_id=1337"},"modified":"2022-09-21T15:34:41","modified_gmt":"2022-09-21T15:34:41","slug":"muugitingimused","status":"publish","type":"page","link":"https:\/\/tips.ee\/en\/muugitingimused\/","title":{"rendered":"Terms of sale"},"content":{"rendered":"<header class=\"entry-header ast-no-thumbnail ast-no-meta\">&nbsp;<\/p>\n<\/header>\n<div class=\"entry-content clear\">\n<p>Montonio Finance UAB vahendab k\u00f5iki TIPS.EE makseid.<\/p>\n<p>V\u00f5imalik tasuda pangalinkidega (LHV, Swedbank, SEB, Luminor, Coop pank).<\/p>\n<p>&nbsp;<\/p>\n<p>TIPS O\u00dc on isikuandmete vastutav t\u00f6\u00f6tleja, TIPS O\u00dc edastab maksete teostamiseks vajalikud isikuandmed volitatud t\u00f6\u00f6tleja Montonio-le.<\/p>\n<p>TIPS.EE v\u00f5tab vastu makseid Eurodes.<\/p>\n<p>TIPS.EE toetab makseid l\u00e4bi k\u00f5ikide Eesti pankade ja lisaks krediitkaarte.<\/p>\n<p>&nbsp;<\/p>\n<p><b>Tarne<\/b><\/p>\n<p>Tooteid m\u00fc\u00fcakse ja tarnitakse ainult Eestisse.<\/p>\n<p>Standard tarneaeg on 2-8 t\u00f6\u00f6p\u00e4eva.<\/p>\n<p>&nbsp;<\/p>\n<p><b>Tagastamine<\/b><\/p>\n<p>P\u00e4rast tellimuse k\u00e4ttesaamist on ostjal \u00f5igus e-poes s\u00f5lmitud lepingust taganeda 14 p\u00e4eva jooksul.<\/p>\n<p>14-p\u00e4evase tagastamis\u00f5iguse kasutamiseks ei tohi tellitud kaupa kasutada muul viisil kui on vajalik kauba olemuses, omadustes ja toimimises veendumiseks viisil nagu see on lubatud kauba testimiseks f\u00fc\u00fcsilises poes. Kui kaupa on kasutatud muuks otstarbeks kui on vajalik kauba olemuses, omadustes ja toimimises veendumiseks v\u00f5i sellel on kasutamise v\u00f5i kulumise m\u00e4rke, on Veebipoel \u00f5igus alandada tagastatavat tasu vastavalt kauba v\u00e4\u00e4rtuse v\u00e4henemisele.<\/p>\n<p>Kliendile tagastatakse raha 1-3 t\u00f6\u00f6p\u00e4eva jooksul peale toote tagastamist.<\/p>\n<p>Tagastamiseks tuleb v\u00f5tta \u00fchendust:<\/p>\n<p>info@tips.ee<\/p>\n<p>&nbsp;<\/p>\n<\/div>","protected":false},"excerpt":{"rendered":"<p>&nbsp; Montonio Finance UAB vahendab k\u00f5iki TIPS.EE makseid. V\u00f5imalik tasuda pangalinkidega (LHV, Swedbank, SEB, Luminor, Coop pank). &nbsp; TIPS O\u00dc on isikuandmete vastutav t\u00f6\u00f6tleja, TIPS O\u00dc edastab maksete teostamiseks vajalikud isikuandmed volitatud t\u00f6\u00f6tleja Montonio-le. TIPS.EE v\u00f5tab vastu makseid Eurodes. TIPS.EE toetab makseid l\u00e4bi k\u00f5ikide Eesti pankade ja lisaks krediitkaarte. &nbsp; Tarne Tooteid m\u00fc\u00fcakse ja tarnitakse &hellip;<\/p>\n<p class=\"read-more\"> <a class=\"\" href=\"https:\/\/tips.ee\/en\/muugitingimused\/\"> <span class=\"screen-reader-text\">Terms of sale<\/span> Read More &raquo;<\/a><\/p>","protected":false},"author":1,"featured_media":0,"parent":0,"menu_order":0,"comment_status":"closed","ping_status":"closed","template":"","meta":{"site-sidebar-layout":"default","site-content-layout":"default","ast-site-content-layout":"","site-content-style":"default","site-sidebar-style":"default","ast-global-header-display":"","ast-banner-title-visibility":"","ast-main-header-display":"","ast-hfb-above-header-display":"","ast-hfb-below-header-display":"","ast-hfb-mobile-header-display":"","site-post-title":"","ast-breadcrumbs-content":"","ast-featured-img":"","footer-sml-layout":"","theme-transparent-header-meta":"default","adv-header-id-meta":"","stick-header-meta":"","header-above-stick-meta":"","header-main-stick-meta":"","header-below-stick-meta":"","astra-migrate-meta-layouts":"","ast-page-background-enabled":"default","ast-page-background-meta":{"desktop":{"background-color":"","background-image":"","background-repeat":"repeat","background-position":"center center","background-size":"auto","background-attachment":"scroll","background-type":"","background-media":"","overlay-type":"","overlay-color":"","overlay-gradient":""},"tablet":{"background-color":"","background-image":"","background-repeat":"repeat","background-position":"center center","background-size":"auto","background-attachment":"scroll","background-type":"","background-media":"","overlay-type":"","overlay-color":"","overlay-gradient":""},"mobile":{"background-color":"","background-image":"","background-repeat":"repeat","background-position":"center center","background-size":"auto","background-attachment":"scroll","background-type":"","background-media":"","overlay-type":"","overlay-color":"","overlay-gradient":""}},"ast-content-background-meta":{"desktop":{"background-color":"var(--ast-global-color-5)","background-image":"","background-repeat":"repeat","background-position":"center center","background-size":"auto","background-attachment":"scroll","background-type":"","background-media":"","overlay-type":"","overlay-color":"","overlay-gradient":""},"tablet":{"background-color":"var(--ast-global-color-5)","background-image":"","background-repeat":"repeat","background-position":"center center","background-size":"auto","background-attachment":"scroll","background-type":"","background-media":"","overlay-type":"","overlay-color":"","overlay-gradient":""},"mobile":{"background-color":"var(--ast-global-color-5)","background-image":"","background-repeat":"repeat","background-position":"center center","background-size":"auto","background-attachment":"scroll","background-type":"","background-media":"","overlay-type":"","overlay-color":"","overlay-gradient":""}},"footnotes":""},"class_list":["post-1337","page","type-page","status-publish","hentry"],"_links":{"self":[{"href":"https:\/\/tips.ee\/en\/wp-json\/wp\/v2\/pages\/1337","targetHints":{"allow":["GET"]}}],"collection":[{"href":"https:\/\/tips.ee\/en\/wp-json\/wp\/v2\/pages"}],"about":[{"href":"https:\/\/tips.ee\/en\/wp-json\/wp\/v2\/types\/page"}],"author":[{"embeddable":true,"href":"https:\/\/tips.ee\/en\/wp-json\/wp\/v2\/users\/1"}],"replies":[{"embeddable":true,"href":"https:\/\/tips.ee\/en\/wp-json\/wp\/v2\/comments?post=1337"}],"version-history":[{"count":2,"href":"https:\/\/tips.ee\/en\/wp-json\/wp\/v2\/pages\/1337\/revisions"}],"predecessor-version":[{"id":1339,"href":"https:\/\/tips.ee\/en\/wp-json\/wp\/v2\/pages\/1337\/revisions\/1339"}],"wp:attachment":[{"href":"https:\/\/tips.ee\/en\/wp-json\/wp\/v2\/media?parent=1337"}],"curies":[{"name":"wp","href":"https:\/\/api.w.org\/{rel}","templated":true}]}}