{"id":1355,"date":"2022-09-21T17:08:18","date_gmt":"2022-09-21T17:08:18","guid":{"rendered":"http:\/\/tips.ee\/?page_id=1355"},"modified":"2025-09-16T13:10:40","modified_gmt":"2025-09-16T13:10:40","slug":"paigaldus-ja-kasutusjuhend","status":"publish","type":"page","link":"https:\/\/tips.ee\/en\/paigaldus-ja-kasutusjuhend\/","title":{"rendered":"Installation and operating instructions"},"content":{"rendered":"<div>Kiik \u201cTips\u201d on m\u00f5eldud kasutamiseks t\u00e4iskasvanute meelelahutuseks, trenni tegemiseks, sisekujunduselemendina v\u00f5i lihtsalt kiikumiseks.<\/div>\n<div>The swing is for a maximum of two people (200kg). This may vary depending on how the hooks are attached to the ceiling.<\/div>\n<div>The swing set includes:<\/div>\n<div>1. kiige alusplaat<\/div>\n<div>2. 4x kett 2,3m<\/div>\n<div>3. 4x karabiin ketile<\/div>\n<div>4. 4x r\u00f5ngaskonks<\/div>\n<div>5. 4x t\u00fc\u00fcbel betoonile<\/div>\n<div>6. 2x jalatoed<\/div>\n<div><\/div>\n<div>Esmalt tuleb leida kiigele sobiv koht. Olenevalt laematerjalist ( betoon-, kips-, v\u00f5i puitlagi) kasutame erinevaid konksude kinnitusmeetmeid.<\/div>\n<div>Konksud paigaldada nelinurkselt, pikem vahe 1m- 1,5m ja l\u00fchem pool 0,5m-0,8m.<\/div>\n<div>Kui tegemist on <strong>betoonlaega<\/strong> siis kasutada kaasasolevat t\u00fc\u00fcblit . T\u00fc\u00fcblile ette puurida auk 12mm puuriga.<\/div>\n<div>Kui tegemist on <strong>kipslaega<\/strong> siis tuleb leida kipsi alt kandetalad, kuhu saab kinnitada konksu. Konksule puurida ette auk 8mm puuriga.<\/div>\n<div><\/div>\n<div><strong>Kindlasti testida k\u00f5iki 4 konksu<\/strong>.<\/div>\n<div>Lihtsaim viis selleks on kinnitada kett konksu k\u00fclge ja rippuda selle k\u00fcljes. Kui \u00fcks konks suudab kanda 1 inimest siis suudavad 4 konksu kokku kanda ka kahte inimest.<\/div>\n<div>Tootja loomulikult ei v\u00f5ta vastutust Teie paigaldatud konksude osas. Kindlam on tellida kogenud spetsalist, kes teid aitab.<\/div>\n<div>Kui konksud paigaldatud, asetage igale konksule \u00fcks kett. Lihtsalt ketil\u00fclist konks l\u00e4bi. Alumistesse keti otstesse asetage karabiinid, mis omakorda kinnituvad kiige kinnitusr\u00f5ngasse.<\/div>\n<div>Kiik on kaetud tehisnahaga ja alus on vooderdatud porolooni ning vatiiniga.<\/div>\n<div>Kiige nahal puuduvad \u00f5mblused. See tagab Teile selle, et Teie enda nahk ei h\u00f5\u00f5rduks kuskile \u00f5mbluse vastu katki.<\/div>\n<div>It also makes the swing easier to clean.<\/div>\n<div>You've probably noticed that the swing is not square, but narrower at one end. The narrower end is for the head. There's a reason for that, and you'll definitely discover it \ud83d\ude42<\/div>\n<div><\/div>\n<div>\u00a0Kiige k\u00f5rgust saate reguleerida t\u00f5stes v\u00f5i langetades ketti, kas siis laekonksudest v\u00f5i alt karabiinide juurest.<\/div>\n<div>Kettide k\u00fclge saab kinnitada jala ja k\u00e4etoed. Kuid kiikuda saab ka ilma nendeta v\u00e4ga suurep\u00e4raselt.<\/div>\n<div><\/div>\n<div>L\u00f5busat kasutamist. Ja kindlasti andke meile tagasisidet. Nii head kui vead!<\/div>\n<div>Siis suudame koos Teiega valmistada parima kiige.<\/div>","protected":false},"excerpt":{"rendered":"<p>Kiik \u201cTips\u201d on m\u00f5eldud kasutamiseks t\u00e4iskasvanute meelelahutuseks, trenni tegemiseks, sisekujunduselemendina v\u00f5i lihtsalt kiikumiseks. Kiik on maksimum kahele inimesele (200kg). Olenevalt konksude kinnitusest lae k\u00fclge v\u00f5ib see varieeruda. Kiige komplekti kuulub : 1. kiige alusplaat 2. 4x kett 2,3m 3. 4x karabiin ketile 4. 4x r\u00f5ngaskonks 5. 4x t\u00fc\u00fcbel betoonile 6. 2x jalatoed Esmalt tuleb leida &hellip;<\/p>\n<p class=\"read-more\"> <a class=\"\" href=\"https:\/\/tips.ee\/en\/paigaldus-ja-kasutusjuhend\/\"> <span class=\"screen-reader-text\">Installation and operating instructions<\/span> Read More &raquo;<\/a><\/p>","protected":false},"author":1,"featured_media":0,"parent":0,"menu_order":0,"comment_status":"closed","ping_status":"closed","template":"","meta":{"site-sidebar-layout":"default","site-content-layout":"default","ast-site-content-layout":"default","site-content-style":"default","site-sidebar-style":"default","ast-global-header-display":"","ast-banner-title-visibility":"","ast-main-header-display":"","ast-hfb-above-header-display":"","ast-hfb-below-header-display":"","ast-hfb-mobile-header-display":"","site-post-title":"","ast-breadcrumbs-content":"","ast-featured-img":"","footer-sml-layout":"","theme-transparent-header-meta":"default","adv-header-id-meta":"","stick-header-meta":"","header-above-stick-meta":"","header-main-stick-meta":"","header-below-stick-meta":"","astra-migrate-meta-layouts":"set","ast-page-background-enabled":"default","ast-page-background-meta":{"desktop":{"background-color":"","background-image":"","background-repeat":"repeat","background-position":"center center","background-size":"auto","background-attachment":"scroll","background-type":"","background-media":"","overlay-type":"","overlay-color":"","overlay-gradient":""},"tablet":{"background-color":"","background-image":"","background-repeat":"repeat","background-position":"center center","background-size":"auto","background-attachment":"scroll","background-type":"","background-media":"","overlay-type":"","overlay-color":"","overlay-gradient":""},"mobile":{"background-color":"","background-image":"","background-repeat":"repeat","background-position":"center center","background-size":"auto","background-attachment":"scroll","background-type":"","background-media":"","overlay-type":"","overlay-color":"","overlay-gradient":""}},"ast-content-background-meta":{"desktop":{"background-color":"var(--ast-global-color-5)","background-image":"","background-repeat":"repeat","background-position":"center center","background-size":"auto","background-attachment":"scroll","background-type":"","background-media":"","overlay-type":"","overlay-color":"","overlay-gradient":""},"tablet":{"background-color":"var(--ast-global-color-5)","background-image":"","background-repeat":"repeat","background-position":"center center","background-size":"auto","background-attachment":"scroll","background-type":"","background-media":"","overlay-type":"","overlay-color":"","overlay-gradient":""},"mobile":{"background-color":"var(--ast-global-color-5)","background-image":"","background-repeat":"repeat","background-position":"center center","background-size":"auto","background-attachment":"scroll","background-type":"","background-media":"","overlay-type":"","overlay-color":"","overlay-gradient":""}},"footnotes":""},"class_list":["post-1355","page","type-page","status-publish","hentry"],"_links":{"self":[{"href":"https:\/\/tips.ee\/en\/wp-json\/wp\/v2\/pages\/1355","targetHints":{"allow":["GET"]}}],"collection":[{"href":"https:\/\/tips.ee\/en\/wp-json\/wp\/v2\/pages"}],"about":[{"href":"https:\/\/tips.ee\/en\/wp-json\/wp\/v2\/types\/page"}],"author":[{"embeddable":true,"href":"https:\/\/tips.ee\/en\/wp-json\/wp\/v2\/users\/1"}],"replies":[{"embeddable":true,"href":"https:\/\/tips.ee\/en\/wp-json\/wp\/v2\/comments?post=1355"}],"version-history":[{"count":1,"href":"https:\/\/tips.ee\/en\/wp-json\/wp\/v2\/pages\/1355\/revisions"}],"predecessor-version":[{"id":1356,"href":"https:\/\/tips.ee\/en\/wp-json\/wp\/v2\/pages\/1355\/revisions\/1356"}],"wp:attachment":[{"href":"https:\/\/tips.ee\/en\/wp-json\/wp\/v2\/media?parent=1355"}],"curies":[{"name":"wp","href":"https:\/\/api.w.org\/{rel}","templated":true}]}}